{"id":2212,"date":"2026-02-23T13:00:10","date_gmt":"2026-02-23T12:00:10","guid":{"rendered":"https:\/\/rss-do.thon.de\/?page_id=2212"},"modified":"2026-02-23T13:00:34","modified_gmt":"2026-02-23T12:00:34","slug":"eurythmie","status":"publish","type":"page","link":"https:\/\/rss-do.thon.de\/?page_id=2212","title":{"rendered":"Eurythmie"},"content":{"rendered":"\t\t<div data-elementor-type=\"wp-page\" data-elementor-id=\"2212\" class=\"elementor elementor-2212\" data-elementor-post-type=\"page\">\n\t\t\t\t<div class=\"elementor-element elementor-element-69b057d e-flex e-con-boxed e-con e-parent\" data-id=\"69b057d\" data-element_type=\"container\" data-e-type=\"container\">\n\t\t\t\t\t<div class=\"e-con-inner\">\n\t\t<div class=\"elementor-element elementor-element-953df3e e-con-full e-flex e-con e-child\" data-id=\"953df3e\" data-element_type=\"container\" data-e-type=\"container\">\n\t\t<div class=\"elementor-element elementor-element-0a7a689 e-con-full e-flex e-con e-child\" data-id=\"0a7a689\" data-element_type=\"container\" data-e-type=\"container\">\n\t\t\t\t<div class=\"elementor-element elementor-element-51dea73 elementor-cta--skin-classic elementor-animated-content elementor-bg-transform elementor-bg-transform-zoom-in elementor-widget elementor-widget-call-to-action\" data-id=\"51dea73\" data-element_type=\"widget\" data-e-type=\"widget\" data-widget_type=\"call-to-action.default\">\n\t\t\t\t\t\t\t<div class=\"elementor-cta\">\n\t\t\t\t\t<div class=\"elementor-cta__bg-wrapper\">\n\t\t\t\t<div class=\"elementor-cta__bg elementor-bg\" style=\"background-image: url(https:\/\/rss-do.thon.de\/wp-content\/uploads\/2025\/08\/DSC00097-Kopie.jpg);\" role=\"img\" aria-label=\"SONY DSC\"><\/div>\n\t\t\t\t<div class=\"elementor-cta__bg-overlay\"><\/div>\n\t\t\t<\/div>\n\t\t\t\t\t\t\t\t<\/div>\n\t\t\t\t\t\t<\/div>\n\t\t\t\t<\/div>\n\t\t<div class=\"elementor-element elementor-element-fb402e7 e-con-full e-flex e-con e-child\" data-id=\"fb402e7\" data-element_type=\"container\" data-e-type=\"container\">\n\t\t\t\t<div class=\"elementor-element elementor-element-4a954fa elementor-invisible elementor-widget elementor-widget-heading\" data-id=\"4a954fa\" data-element_type=\"widget\" data-e-type=\"widget\" data-settings=\"{&quot;_animation&quot;:&quot;fadeInUp&quot;}\" data-widget_type=\"heading.default\">\n\t\t\t\t\t<h5 class=\"elementor-heading-title elementor-size-default\">Sich bewegen hei\u00dft sich entwickeln<\/h5>\t\t\t\t<\/div>\n\t\t\t\t<div class=\"elementor-element elementor-element-54f49ee elementor-widget elementor-widget-heading\" data-id=\"54f49ee\" data-element_type=\"widget\" data-e-type=\"widget\" data-widget_type=\"heading.default\">\n\t\t\t\t\t<h2 class=\"elementor-heading-title elementor-size-default\">Eurythmie<\/h2>\t\t\t\t<\/div>\n\t\t\t\t<div class=\"elementor-element elementor-element-e87f721 elementor-widget elementor-widget-text-editor\" data-id=\"e87f721\" data-element_type=\"widget\" data-e-type=\"widget\" data-widget_type=\"text-editor.default\">\n\t\t\t\t\t\t\t\t\t<div class=\"elementor-element elementor-element-272348d6 elementor-widget elementor-widget-text-editor\" data-id=\"272348d6\" data-element_type=\"widget\" data-widget_type=\"text-editor.default\"><div class=\"elementor-widget-container\"><p>Ein wichtiges Fach an Waldorfschulen ist die Eurythmie, die dem oft erlebbaren Defizit an K\u00f6rperkoordination und Gemeinschaftsbewusstsein perfekt entgegensteuert. Sie wird von der 1. bis zur 12. Klasse unterrichtet.<\/p><\/div><\/div>\t\t\t\t\t\t\t\t<\/div>\n\t\t\t\t<\/div>\n\t\t\t\t<\/div>\n\t\t\t\t\t<\/div>\n\t\t\t\t<\/div>\n\t\t<div class=\"elementor-element elementor-element-cd6b16c e-flex e-con-boxed e-con e-parent\" data-id=\"cd6b16c\" data-element_type=\"container\" data-e-type=\"container\">\n\t\t\t\t\t<div class=\"e-con-inner\">\n\t\t<div class=\"elementor-element elementor-element-be3a90d e-con-full e-flex e-con e-child\" data-id=\"be3a90d\" data-element_type=\"container\" data-e-type=\"container\">\n\t\t<div class=\"elementor-element elementor-element-8e1507d e-con-full e-flex e-con e-child\" data-id=\"8e1507d\" data-element_type=\"container\" data-e-type=\"container\">\n\t\t\t\t<div class=\"elementor-element elementor-element-426dde5 elementor-widget elementor-widget-video\" data-id=\"426dde5\" data-element_type=\"widget\" data-e-type=\"widget\" data-settings=\"{&quot;video_type&quot;:&quot;hosted&quot;,&quot;autoplay&quot;:&quot;yes&quot;,&quot;play_on_mobile&quot;:&quot;yes&quot;,&quot;loop&quot;:&quot;yes&quot;,&quot;_animation&quot;:&quot;none&quot;,&quot;mute&quot;:&quot;yes&quot;}\" data-widget_type=\"video.default\">\n\t\t\t\t\t\t\t<div class=\"e-hosted-video elementor-wrapper elementor-open-inline\">\n\t\t\t\t\t<video class=\"elementor-video\" src=\"https:\/\/rss-do.thon.de\/wp-content\/uploads\/2025\/08\/schulhof1klein.mov\" autoplay=\"\" loop=\"\" muted=\"muted\" playsinline=\"\" controlsList=\"nodownload\"><\/video>\n\t\t\t\t<\/div>\n\t\t\t\t\t\t<\/div>\n\t\t\t\t<\/div>\n\t\t<div class=\"elementor-element elementor-element-a0efed4 e-con-full e-flex e-con e-child\" data-id=\"a0efed4\" data-element_type=\"container\" data-e-type=\"container\">\n\t\t\t\t<div class=\"elementor-element elementor-element-38a577f elementor-widget elementor-widget-text-editor\" data-id=\"38a577f\" data-element_type=\"widget\" data-e-type=\"widget\" data-widget_type=\"text-editor.default\">\n\t\t\t\t\t\t\t\t\t<div class=\"elementor-element elementor-element-272348d6 elementor-widget elementor-widget-text-editor\" data-id=\"272348d6\" data-element_type=\"widget\" data-widget_type=\"text-editor.default\"><div class=\"elementor-widget-container\"><p>Hier \u00fcben die Sch\u00fcler, die Elemente der Sprache und der Musik in ihrer Vielschichtigkeit durch Geb\u00e4rden und gef\u00fchrte Bewegungen im Raum darzustellen. Beim nachahmenden Tun in der Unterstufe und dann in eigenst\u00e4ndigen k\u00fcnstlerischen Darbietungen in der Oberstufe wird der eigene K\u00f6rper zu einem Instrument differenzierten Ausdrucks.<\/p><p>Dabei f\u00f6rdert der Eurythmie-Unterricht das \u00e4sthetische Urteil und schult auf vielf\u00e4ltige Weise soziale und kommunikative F\u00e4higkeiten.<\/p><\/div><\/div>\t\t\t\t\t\t\t\t<\/div>\n\t\t\t\t<\/div>\n\t\t\t\t<\/div>\n\t\t\t\t\t<\/div>\n\t\t\t\t<\/div>\n\t\t<div class=\"elementor-element elementor-element-3c1f831 e-flex e-con-boxed e-con e-parent\" data-id=\"3c1f831\" data-element_type=\"container\" data-e-type=\"container\">\n\t\t\t\t\t<div class=\"e-con-inner\">\n\t\t\t\t<div class=\"elementor-element elementor-element-56f36fa elementor-widget elementor-widget-spacer\" data-id=\"56f36fa\" data-element_type=\"widget\" data-e-type=\"widget\" data-widget_type=\"spacer.default\">\n\t\t\t\t\t\t\t<div class=\"elementor-spacer\">\n\t\t\t<div class=\"elementor-spacer-inner\"><\/div>\n\t\t<\/div>\n\t\t\t\t\t\t<\/div>\n\t\t\t\t\t<\/div>\n\t\t\t\t<\/div>\n\t\t\t\t<\/div>\n\t\t","protected":false},"excerpt":{"rendered":"<p>Sich bewegen hei\u00dft sich entwickeln Eurythmie Ein wichtiges Fach an Waldorfschulen ist die Eurythmie, die dem oft erlebbaren Defizit an K\u00f6rperkoordination und Gemeinschaftsbewusstsein perfekt entgegensteuert. Sie wird von der 1. [&hellip;]<\/p>\n","protected":false},"author":1,"featured_media":0,"parent":0,"menu_order":0,"comment_status":"closed","ping_status":"closed","template":"","meta":{"footnotes":""},"class_list":["post-2212","page","type-page","status-publish","hentry"],"yoast_head":"<!-- This site is optimized with the Yoast SEO plugin v27.5 - https:\/\/yoast.com\/product\/yoast-seo-wordpress\/ -->\n<title>Eurythmie - Rudolf-Steiner-Schule Dortmund<\/title>\n<meta name=\"robots\" content=\"index, follow, max-snippet:-1, max-image-preview:large, max-video-preview:-1\" \/>\n<link rel=\"canonical\" href=\"https:\/\/rss-do.thon.de\/?page_id=2212\" \/>\n<meta property=\"og:locale\" content=\"de_DE\" \/>\n<meta property=\"og:type\" content=\"article\" \/>\n<meta property=\"og:title\" content=\"Eurythmie - Rudolf-Steiner-Schule Dortmund\" \/>\n<meta property=\"og:description\" content=\"Sich bewegen hei\u00dft sich entwickeln Eurythmie Ein wichtiges Fach an Waldorfschulen ist die Eurythmie, die dem oft erlebbaren Defizit an K\u00f6rperkoordination und Gemeinschaftsbewusstsein perfekt entgegensteuert. Sie wird von der 1. [&hellip;]\" \/>\n<meta property=\"og:url\" content=\"https:\/\/rss-do.thon.de\/?page_id=2212\" \/>\n<meta property=\"og:site_name\" content=\"Rudolf-Steiner-Schule Dortmund\" \/>\n<meta property=\"article:modified_time\" content=\"2026-02-23T12:00:34+00:00\" \/>\n<meta property=\"og:image\" content=\"https:\/\/rss-do.thon.de\/wp-content\/uploads\/2025\/08\/About-3.jpg\" \/>\n\t<meta property=\"og:image:width\" content=\"400\" \/>\n\t<meta property=\"og:image:height\" content=\"380\" \/>\n\t<meta property=\"og:image:type\" content=\"image\/jpeg\" \/>\n<meta name=\"twitter:card\" content=\"summary_large_image\" \/>\n<meta name=\"twitter:label1\" content=\"Gesch\u00e4tzte Lesezeit\" \/>\n\t<meta name=\"twitter:data1\" content=\"1\u00a0Minute\" \/>\n<script type=\"application\/ld+json\" class=\"yoast-schema-graph\">{\"@context\":\"https:\\\/\\\/schema.org\",\"@graph\":[{\"@type\":\"WebPage\",\"@id\":\"https:\\\/\\\/rss-do.thon.de\\\/?page_id=2212\",\"url\":\"https:\\\/\\\/rss-do.thon.de\\\/?page_id=2212\",\"name\":\"Eurythmie - Rudolf-Steiner-Schule Dortmund\",\"isPartOf\":{\"@id\":\"https:\\\/\\\/rss-do.thon.de\\\/#website\"},\"datePublished\":\"2026-02-23T12:00:10+00:00\",\"dateModified\":\"2026-02-23T12:00:34+00:00\",\"breadcrumb\":{\"@id\":\"https:\\\/\\\/rss-do.thon.de\\\/?page_id=2212#breadcrumb\"},\"inLanguage\":\"de\",\"potentialAction\":[{\"@type\":\"ReadAction\",\"target\":[\"https:\\\/\\\/rss-do.thon.de\\\/?page_id=2212\"]}]},{\"@type\":\"BreadcrumbList\",\"@id\":\"https:\\\/\\\/rss-do.thon.de\\\/?page_id=2212#breadcrumb\",\"itemListElement\":[{\"@type\":\"ListItem\",\"position\":1,\"name\":\"Startseite\",\"item\":\"https:\\\/\\\/rss-do.thon.de\\\/\"},{\"@type\":\"ListItem\",\"position\":2,\"name\":\"Eurythmie\"}]},{\"@type\":\"WebSite\",\"@id\":\"https:\\\/\\\/rss-do.thon.de\\\/#website\",\"url\":\"https:\\\/\\\/rss-do.thon.de\\\/\",\"name\":\"Rudolf-Steiner-Schule Dortmund\",\"description\":\"Die Schule f\u00fcrs Leben\",\"publisher\":{\"@id\":\"https:\\\/\\\/rss-do.thon.de\\\/#organization\"},\"potentialAction\":[{\"@type\":\"SearchAction\",\"target\":{\"@type\":\"EntryPoint\",\"urlTemplate\":\"https:\\\/\\\/rss-do.thon.de\\\/?s={search_term_string}\"},\"query-input\":{\"@type\":\"PropertyValueSpecification\",\"valueRequired\":true,\"valueName\":\"search_term_string\"}}],\"inLanguage\":\"de\"},{\"@type\":\"Organization\",\"@id\":\"https:\\\/\\\/rss-do.thon.de\\\/#organization\",\"name\":\"Rudolf-Steiner-Schule Dortmund\",\"url\":\"https:\\\/\\\/rss-do.thon.de\\\/\",\"logo\":{\"@type\":\"ImageObject\",\"inLanguage\":\"de\",\"@id\":\"https:\\\/\\\/rss-do.thon.de\\\/#\\\/schema\\\/logo\\\/image\\\/\",\"url\":\"https:\\\/\\\/rss-do.thon.de\\\/wp-content\\\/uploads\\\/2025\\\/08\\\/Logo-Schrift.svg\",\"contentUrl\":\"https:\\\/\\\/rss-do.thon.de\\\/wp-content\\\/uploads\\\/2025\\\/08\\\/Logo-Schrift.svg\",\"width\":402,\"height\":151,\"caption\":\"Rudolf-Steiner-Schule Dortmund\"},\"image\":{\"@id\":\"https:\\\/\\\/rss-do.thon.de\\\/#\\\/schema\\\/logo\\\/image\\\/\"}}]}<\/script>\n<!-- \/ Yoast SEO plugin. -->","yoast_head_json":{"title":"Eurythmie - Rudolf-Steiner-Schule Dortmund","robots":{"index":"index","follow":"follow","max-snippet":"max-snippet:-1","max-image-preview":"max-image-preview:large","max-video-preview":"max-video-preview:-1"},"canonical":"https:\/\/rss-do.thon.de\/?page_id=2212","og_locale":"de_DE","og_type":"article","og_title":"Eurythmie - Rudolf-Steiner-Schule Dortmund","og_description":"Sich bewegen hei\u00dft sich entwickeln Eurythmie Ein wichtiges Fach an Waldorfschulen ist die Eurythmie, die dem oft erlebbaren Defizit an K\u00f6rperkoordination und Gemeinschaftsbewusstsein perfekt entgegensteuert. Sie wird von der 1. [&hellip;]","og_url":"https:\/\/rss-do.thon.de\/?page_id=2212","og_site_name":"Rudolf-Steiner-Schule Dortmund","article_modified_time":"2026-02-23T12:00:34+00:00","og_image":[{"width":400,"height":380,"url":"https:\/\/rss-do.thon.de\/wp-content\/uploads\/2025\/08\/About-3.jpg","type":"image\/jpeg"}],"twitter_card":"summary_large_image","twitter_misc":{"Gesch\u00e4tzte Lesezeit":"1\u00a0Minute"},"schema":{"@context":"https:\/\/schema.org","@graph":[{"@type":"WebPage","@id":"https:\/\/rss-do.thon.de\/?page_id=2212","url":"https:\/\/rss-do.thon.de\/?page_id=2212","name":"Eurythmie - Rudolf-Steiner-Schule Dortmund","isPartOf":{"@id":"https:\/\/rss-do.thon.de\/#website"},"datePublished":"2026-02-23T12:00:10+00:00","dateModified":"2026-02-23T12:00:34+00:00","breadcrumb":{"@id":"https:\/\/rss-do.thon.de\/?page_id=2212#breadcrumb"},"inLanguage":"de","potentialAction":[{"@type":"ReadAction","target":["https:\/\/rss-do.thon.de\/?page_id=2212"]}]},{"@type":"BreadcrumbList","@id":"https:\/\/rss-do.thon.de\/?page_id=2212#breadcrumb","itemListElement":[{"@type":"ListItem","position":1,"name":"Startseite","item":"https:\/\/rss-do.thon.de\/"},{"@type":"ListItem","position":2,"name":"Eurythmie"}]},{"@type":"WebSite","@id":"https:\/\/rss-do.thon.de\/#website","url":"https:\/\/rss-do.thon.de\/","name":"Rudolf-Steiner-Schule Dortmund","description":"Die Schule f\u00fcrs Leben","publisher":{"@id":"https:\/\/rss-do.thon.de\/#organization"},"potentialAction":[{"@type":"SearchAction","target":{"@type":"EntryPoint","urlTemplate":"https:\/\/rss-do.thon.de\/?s={search_term_string}"},"query-input":{"@type":"PropertyValueSpecification","valueRequired":true,"valueName":"search_term_string"}}],"inLanguage":"de"},{"@type":"Organization","@id":"https:\/\/rss-do.thon.de\/#organization","name":"Rudolf-Steiner-Schule Dortmund","url":"https:\/\/rss-do.thon.de\/","logo":{"@type":"ImageObject","inLanguage":"de","@id":"https:\/\/rss-do.thon.de\/#\/schema\/logo\/image\/","url":"https:\/\/rss-do.thon.de\/wp-content\/uploads\/2025\/08\/Logo-Schrift.svg","contentUrl":"https:\/\/rss-do.thon.de\/wp-content\/uploads\/2025\/08\/Logo-Schrift.svg","width":402,"height":151,"caption":"Rudolf-Steiner-Schule Dortmund"},"image":{"@id":"https:\/\/rss-do.thon.de\/#\/schema\/logo\/image\/"}}]}},"_links":{"self":[{"href":"https:\/\/rss-do.thon.de\/index.php?rest_route=\/wp\/v2\/pages\/2212","targetHints":{"allow":["GET"]}}],"collection":[{"href":"https:\/\/rss-do.thon.de\/index.php?rest_route=\/wp\/v2\/pages"}],"about":[{"href":"https:\/\/rss-do.thon.de\/index.php?rest_route=\/wp\/v2\/types\/page"}],"author":[{"embeddable":true,"href":"https:\/\/rss-do.thon.de\/index.php?rest_route=\/wp\/v2\/users\/1"}],"replies":[{"embeddable":true,"href":"https:\/\/rss-do.thon.de\/index.php?rest_route=%2Fwp%2Fv2%2Fcomments&post=2212"}],"version-history":[{"count":4,"href":"https:\/\/rss-do.thon.de\/index.php?rest_route=\/wp\/v2\/pages\/2212\/revisions"}],"predecessor-version":[{"id":2216,"href":"https:\/\/rss-do.thon.de\/index.php?rest_route=\/wp\/v2\/pages\/2212\/revisions\/2216"}],"wp:attachment":[{"href":"https:\/\/rss-do.thon.de\/index.php?rest_route=%2Fwp%2Fv2%2Fmedia&parent=2212"}],"curies":[{"name":"wp","href":"https:\/\/api.w.org\/{rel}","templated":true}]}}