{"id":2201,"date":"2026-02-23T12:53:33","date_gmt":"2026-02-23T11:53:33","guid":{"rendered":"https:\/\/rss-do.thon.de\/?page_id=2201"},"modified":"2026-04-27T22:32:30","modified_gmt":"2026-04-27T20:32:30","slug":"sport","status":"publish","type":"page","link":"https:\/\/rss-do.thon.de\/?page_id=2201","title":{"rendered":"Sport"},"content":{"rendered":"\t\t<div data-elementor-type=\"wp-page\" data-elementor-id=\"2201\" class=\"elementor elementor-2201\" data-elementor-post-type=\"page\">\n\t\t\t\t<div class=\"elementor-element elementor-element-366ecc3 e-flex e-con-boxed e-con e-parent\" data-id=\"366ecc3\" data-element_type=\"container\" data-e-type=\"container\">\n\t\t\t\t\t<div class=\"e-con-inner\">\n\t\t<div class=\"elementor-element elementor-element-76118a7 e-con-full e-flex e-con e-child\" data-id=\"76118a7\" data-element_type=\"container\" data-e-type=\"container\">\n\t\t<div class=\"elementor-element elementor-element-dfa1361 e-con-full e-flex e-con e-child\" data-id=\"dfa1361\" data-element_type=\"container\" data-e-type=\"container\">\n\t\t\t\t<div class=\"elementor-element elementor-element-e9af8fe elementor-cta--skin-classic elementor-animated-content elementor-bg-transform elementor-bg-transform-zoom-in elementor-widget elementor-widget-call-to-action\" data-id=\"e9af8fe\" data-element_type=\"widget\" data-e-type=\"widget\" data-widget_type=\"call-to-action.default\">\n\t\t\t\t\t\t\t<div class=\"elementor-cta\">\n\t\t\t\t\t<div class=\"elementor-cta__bg-wrapper\">\n\t\t\t\t<div class=\"elementor-cta__bg elementor-bg\" style=\"background-image: url(https:\/\/rss-do.thon.de\/wp-content\/uploads\/PHOTO-2022-08-26-08-43-34-3.jpg);\" role=\"img\" aria-label=\"PHOTO-2022-08-26-08-43-34 3\"><\/div>\n\t\t\t\t<div class=\"elementor-cta__bg-overlay\"><\/div>\n\t\t\t<\/div>\n\t\t\t\t\t\t\t\t<\/div>\n\t\t\t\t\t\t<\/div>\n\t\t\t\t<\/div>\n\t\t<div class=\"elementor-element elementor-element-78c441a e-con-full e-flex e-con e-child\" data-id=\"78c441a\" data-element_type=\"container\" data-e-type=\"container\">\n\t\t\t\t<div class=\"elementor-element elementor-element-e68e0c1 elementor-invisible elementor-widget elementor-widget-heading\" data-id=\"e68e0c1\" data-element_type=\"widget\" data-e-type=\"widget\" data-settings=\"{&quot;_animation&quot;:&quot;fadeInUp&quot;}\" data-widget_type=\"heading.default\">\n\t\t\t\t\t<h5 class=\"elementor-heading-title elementor-size-default\">Sich bewegen hei\u00dft sich entwickeln<\/h5>\t\t\t\t<\/div>\n\t\t\t\t<div class=\"elementor-element elementor-element-28a43e0 elementor-widget elementor-widget-heading\" data-id=\"28a43e0\" data-element_type=\"widget\" data-e-type=\"widget\" data-widget_type=\"heading.default\">\n\t\t\t\t\t<h2 class=\"elementor-heading-title elementor-size-default\">Sport<\/h2>\t\t\t\t<\/div>\n\t\t\t\t<div class=\"elementor-element elementor-element-af80e0b elementor-widget elementor-widget-text-editor\" data-id=\"af80e0b\" data-element_type=\"widget\" data-e-type=\"widget\" data-widget_type=\"text-editor.default\">\n\t\t\t\t\t\t\t\t\t<div class=\"elementor-element elementor-element-272348d6 elementor-widget elementor-widget-text-editor\" data-id=\"272348d6\" data-element_type=\"widget\" data-widget_type=\"text-editor.default\"><div class=\"elementor-widget-container\"><p>Gerade in Zeiten, in denen Kinder und Jugendliche sich immer weniger bewegen, ist es besonders wichtig, die Freude an vielf\u00e4ltiger Bewegung zu unterst\u00fctzen. Im Klassenzimmer wird das nat\u00fcrliche Bed\u00fcrfnis der Kinder in der Rhythmisierung des Schultags aufgegriffen, in den unteren Klassen hilft uns das \u201eBewegte Klassenzimmer\u201c \u2013 hier beginnt der Unterricht in den ersten Klassen auch schon mal mit dem spielerischen Erobern eines selbstgebauten Parcours.<\/p><\/div><\/div>\t\t\t\t\t\t\t\t<\/div>\n\t\t\t\t<\/div>\n\t\t\t\t<\/div>\n\t\t\t\t\t<\/div>\n\t\t\t\t<\/div>\n\t\t<div class=\"elementor-element elementor-element-caf4e48 e-flex e-con-boxed e-con e-parent\" data-id=\"caf4e48\" data-element_type=\"container\" data-e-type=\"container\">\n\t\t\t\t\t<div class=\"e-con-inner\">\n\t\t<div class=\"elementor-element elementor-element-eb2d564 e-con-full e-flex e-con e-child\" data-id=\"eb2d564\" data-element_type=\"container\" data-e-type=\"container\">\n\t\t<div class=\"elementor-element elementor-element-6670168 e-con-full e-flex e-con e-child\" data-id=\"6670168\" data-element_type=\"container\" data-e-type=\"container\">\n\t\t\t\t<div class=\"elementor-element elementor-element-c8d7a63 elementor-widget elementor-widget-video\" data-id=\"c8d7a63\" data-element_type=\"widget\" data-e-type=\"widget\" data-settings=\"{&quot;video_type&quot;:&quot;hosted&quot;,&quot;autoplay&quot;:&quot;yes&quot;,&quot;play_on_mobile&quot;:&quot;yes&quot;,&quot;loop&quot;:&quot;yes&quot;,&quot;_animation&quot;:&quot;none&quot;,&quot;mute&quot;:&quot;yes&quot;}\" data-widget_type=\"video.default\">\n\t\t\t\t\t\t\t<div class=\"e-hosted-video elementor-wrapper elementor-open-inline\">\n\t\t\t\t\t<video class=\"elementor-video\" src=\"https:\/\/rss-do.thon.de\/wp-content\/uploads\/sport3.mov\" autoplay=\"\" loop=\"\" muted=\"muted\" playsinline=\"\" controlsList=\"nodownload\"><\/video>\n\t\t\t\t<\/div>\n\t\t\t\t\t\t<\/div>\n\t\t\t\t<\/div>\n\t\t<div class=\"elementor-element elementor-element-490600c e-con-full e-flex e-con e-child\" data-id=\"490600c\" data-element_type=\"container\" data-e-type=\"container\">\n\t\t\t\t<div class=\"elementor-element elementor-element-2265b17 elementor-widget elementor-widget-text-editor\" data-id=\"2265b17\" data-element_type=\"widget\" data-e-type=\"widget\" data-widget_type=\"text-editor.default\">\n\t\t\t\t\t\t\t\t\t<div class=\"elementor-element elementor-element-272348d6 elementor-widget elementor-widget-text-editor\" data-id=\"272348d6\" data-element_type=\"widget\" data-widget_type=\"text-editor.default\"><div class=\"elementor-widget-container\"><p>F\u00e4higkeiten wie Mut, Ausdauer, gezielter Krafteinsatz, Koordination der Bewegung und Teamgeist k\u00f6nnen im Sportunterricht erworben werden. Im Sommer freuen sich alle auf die j\u00e4hrlichen Leichtathletikwettk\u00e4mpfe. In drei Klassenstufen wird f\u00fcr ein Schulhalbjahr auch Schwimmen angeboten.<\/p><\/div><\/div>\t\t\t\t\t\t\t\t<\/div>\n\t\t\t\t<\/div>\n\t\t\t\t<\/div>\n\t\t\t\t\t<\/div>\n\t\t\t\t<\/div>\n\t\t<div class=\"elementor-element elementor-element-f447c82 e-flex e-con-boxed e-con e-parent\" data-id=\"f447c82\" data-element_type=\"container\" data-e-type=\"container\">\n\t\t\t\t\t<div class=\"e-con-inner\">\n\t\t<div class=\"elementor-element elementor-element-1dcbfbd e-con-full e-flex e-con e-child\" data-id=\"1dcbfbd\" data-element_type=\"container\" data-e-type=\"container\">\n\t\t<div class=\"elementor-element elementor-element-50e7469 e-con-full e-flex e-con e-child\" data-id=\"50e7469\" data-element_type=\"container\" data-e-type=\"container\">\n\t\t\t\t<div class=\"elementor-element elementor-element-3111503 elementor-widget elementor-widget-video\" data-id=\"3111503\" data-element_type=\"widget\" data-e-type=\"widget\" data-settings=\"{&quot;video_type&quot;:&quot;hosted&quot;,&quot;autoplay&quot;:&quot;yes&quot;,&quot;play_on_mobile&quot;:&quot;yes&quot;,&quot;loop&quot;:&quot;yes&quot;,&quot;_animation&quot;:&quot;none&quot;,&quot;mute&quot;:&quot;yes&quot;}\" data-widget_type=\"video.default\">\n\t\t\t\t\t\t\t<div class=\"e-hosted-video elementor-wrapper elementor-open-inline\">\n\t\t\t\t\t<video class=\"elementor-video\" src=\"https:\/\/rss-do.thon.de\/wp-content\/uploads\/Sport2.mov\" autoplay=\"\" loop=\"\" muted=\"muted\" playsinline=\"\" controlsList=\"nodownload\"><\/video>\n\t\t\t\t<\/div>\n\t\t\t\t\t\t<\/div>\n\t\t\t\t<\/div>\n\t\t<div class=\"elementor-element elementor-element-88d3d67 e-con-full e-flex e-con e-child\" data-id=\"88d3d67\" data-element_type=\"container\" data-e-type=\"container\">\n\t\t\t\t<div class=\"elementor-element elementor-element-9658c7f elementor-widget elementor-widget-text-editor\" data-id=\"9658c7f\" data-element_type=\"widget\" data-e-type=\"widget\" data-widget_type=\"text-editor.default\">\n\t\t\t\t\t\t\t\t\t<div class=\"elementor-element elementor-element-272348d6 elementor-widget elementor-widget-text-editor\" data-id=\"272348d6\" data-element_type=\"widget\" data-widget_type=\"text-editor.default\"><div class=\"elementor-widget-container\"><p>In den Ballsportarten werden \u00fcber verschiedene motorische F\u00e4higkeiten hinaus auch soziales Miteinander und ein achtsamer Umgang mit dem eigenen K\u00f6rper und seinen Grenzen und M\u00f6glichkeiten erlernt.\u00a0<\/p><\/div><\/div>\t\t\t\t\t\t\t\t<\/div>\n\t\t\t\t<\/div>\n\t\t\t\t<\/div>\n\t\t\t\t\t<\/div>\n\t\t\t\t<\/div>\n\t\t<div class=\"elementor-element elementor-element-3c1f831 e-flex e-con-boxed e-con e-parent\" data-id=\"3c1f831\" data-element_type=\"container\" data-e-type=\"container\">\n\t\t\t\t\t<div class=\"e-con-inner\">\n\t\t\t\t<div class=\"elementor-element elementor-element-56f36fa elementor-widget elementor-widget-spacer\" data-id=\"56f36fa\" data-element_type=\"widget\" data-e-type=\"widget\" data-widget_type=\"spacer.default\">\n\t\t\t\t\t\t\t<div class=\"elementor-spacer\">\n\t\t\t<div class=\"elementor-spacer-inner\"><\/div>\n\t\t<\/div>\n\t\t\t\t\t\t<\/div>\n\t\t\t\t\t<\/div>\n\t\t\t\t<\/div>\n\t\t\t\t<\/div>\n\t\t","protected":false},"excerpt":{"rendered":"<p>Sich bewegen hei\u00dft sich entwickeln Sport Gerade in Zeiten, in denen Kinder und Jugendliche sich immer weniger bewegen, ist es besonders wichtig, die Freude an vielf\u00e4ltiger Bewegung zu unterst\u00fctzen. Im [&hellip;]<\/p>\n","protected":false},"author":1,"featured_media":0,"parent":0,"menu_order":0,"comment_status":"closed","ping_status":"closed","template":"","meta":{"footnotes":""},"class_list":["post-2201","page","type-page","status-publish","hentry"],"yoast_head":"<!-- This site is optimized with the Yoast SEO plugin v27.5 - https:\/\/yoast.com\/product\/yoast-seo-wordpress\/ -->\n<title>Sport - Rudolf-Steiner-Schule Dortmund<\/title>\n<meta name=\"robots\" content=\"index, follow, max-snippet:-1, max-image-preview:large, max-video-preview:-1\" \/>\n<link rel=\"canonical\" href=\"https:\/\/rss-do.thon.de\/?page_id=2201\" \/>\n<meta property=\"og:locale\" content=\"de_DE\" \/>\n<meta property=\"og:type\" content=\"article\" \/>\n<meta property=\"og:title\" content=\"Sport - Rudolf-Steiner-Schule Dortmund\" \/>\n<meta property=\"og:description\" content=\"Sich bewegen hei\u00dft sich entwickeln Sport Gerade in Zeiten, in denen Kinder und Jugendliche sich immer weniger bewegen, ist es besonders wichtig, die Freude an vielf\u00e4ltiger Bewegung zu unterst\u00fctzen. Im [&hellip;]\" \/>\n<meta property=\"og:url\" content=\"https:\/\/rss-do.thon.de\/?page_id=2201\" \/>\n<meta property=\"og:site_name\" content=\"Rudolf-Steiner-Schule Dortmund\" \/>\n<meta property=\"article:modified_time\" content=\"2026-04-27T20:32:30+00:00\" \/>\n<meta name=\"twitter:card\" content=\"summary_large_image\" \/>\n<meta name=\"twitter:label1\" content=\"Gesch\u00e4tzte Lesezeit\" \/>\n\t<meta name=\"twitter:data1\" content=\"1\u00a0Minute\" \/>\n<script type=\"application\/ld+json\" class=\"yoast-schema-graph\">{\"@context\":\"https:\\\/\\\/schema.org\",\"@graph\":[{\"@type\":\"WebPage\",\"@id\":\"https:\\\/\\\/rss-do.thon.de\\\/?page_id=2201\",\"url\":\"https:\\\/\\\/rss-do.thon.de\\\/?page_id=2201\",\"name\":\"Sport - Rudolf-Steiner-Schule Dortmund\",\"isPartOf\":{\"@id\":\"https:\\\/\\\/rss-do.thon.de\\\/#website\"},\"datePublished\":\"2026-02-23T11:53:33+00:00\",\"dateModified\":\"2026-04-27T20:32:30+00:00\",\"breadcrumb\":{\"@id\":\"https:\\\/\\\/rss-do.thon.de\\\/?page_id=2201#breadcrumb\"},\"inLanguage\":\"de\",\"potentialAction\":[{\"@type\":\"ReadAction\",\"target\":[\"https:\\\/\\\/rss-do.thon.de\\\/?page_id=2201\"]}]},{\"@type\":\"BreadcrumbList\",\"@id\":\"https:\\\/\\\/rss-do.thon.de\\\/?page_id=2201#breadcrumb\",\"itemListElement\":[{\"@type\":\"ListItem\",\"position\":1,\"name\":\"Startseite\",\"item\":\"https:\\\/\\\/rss-do.thon.de\\\/\"},{\"@type\":\"ListItem\",\"position\":2,\"name\":\"Sport\"}]},{\"@type\":\"WebSite\",\"@id\":\"https:\\\/\\\/rss-do.thon.de\\\/#website\",\"url\":\"https:\\\/\\\/rss-do.thon.de\\\/\",\"name\":\"Rudolf-Steiner-Schule Dortmund\",\"description\":\"Die Schule f\u00fcrs Leben\",\"publisher\":{\"@id\":\"https:\\\/\\\/rss-do.thon.de\\\/#organization\"},\"potentialAction\":[{\"@type\":\"SearchAction\",\"target\":{\"@type\":\"EntryPoint\",\"urlTemplate\":\"https:\\\/\\\/rss-do.thon.de\\\/?s={search_term_string}\"},\"query-input\":{\"@type\":\"PropertyValueSpecification\",\"valueRequired\":true,\"valueName\":\"search_term_string\"}}],\"inLanguage\":\"de\"},{\"@type\":\"Organization\",\"@id\":\"https:\\\/\\\/rss-do.thon.de\\\/#organization\",\"name\":\"Rudolf-Steiner-Schule Dortmund\",\"url\":\"https:\\\/\\\/rss-do.thon.de\\\/\",\"logo\":{\"@type\":\"ImageObject\",\"inLanguage\":\"de\",\"@id\":\"https:\\\/\\\/rss-do.thon.de\\\/#\\\/schema\\\/logo\\\/image\\\/\",\"url\":\"https:\\\/\\\/rss-do.thon.de\\\/wp-content\\\/uploads\\\/2025\\\/08\\\/Logo-Schrift.svg\",\"contentUrl\":\"https:\\\/\\\/rss-do.thon.de\\\/wp-content\\\/uploads\\\/2025\\\/08\\\/Logo-Schrift.svg\",\"width\":402,\"height\":151,\"caption\":\"Rudolf-Steiner-Schule Dortmund\"},\"image\":{\"@id\":\"https:\\\/\\\/rss-do.thon.de\\\/#\\\/schema\\\/logo\\\/image\\\/\"}}]}<\/script>\n<!-- \/ Yoast SEO plugin. -->","yoast_head_json":{"title":"Sport - Rudolf-Steiner-Schule Dortmund","robots":{"index":"index","follow":"follow","max-snippet":"max-snippet:-1","max-image-preview":"max-image-preview:large","max-video-preview":"max-video-preview:-1"},"canonical":"https:\/\/rss-do.thon.de\/?page_id=2201","og_locale":"de_DE","og_type":"article","og_title":"Sport - Rudolf-Steiner-Schule Dortmund","og_description":"Sich bewegen hei\u00dft sich entwickeln Sport Gerade in Zeiten, in denen Kinder und Jugendliche sich immer weniger bewegen, ist es besonders wichtig, die Freude an vielf\u00e4ltiger Bewegung zu unterst\u00fctzen. Im [&hellip;]","og_url":"https:\/\/rss-do.thon.de\/?page_id=2201","og_site_name":"Rudolf-Steiner-Schule Dortmund","article_modified_time":"2026-04-27T20:32:30+00:00","twitter_card":"summary_large_image","twitter_misc":{"Gesch\u00e4tzte Lesezeit":"1\u00a0Minute"},"schema":{"@context":"https:\/\/schema.org","@graph":[{"@type":"WebPage","@id":"https:\/\/rss-do.thon.de\/?page_id=2201","url":"https:\/\/rss-do.thon.de\/?page_id=2201","name":"Sport - Rudolf-Steiner-Schule Dortmund","isPartOf":{"@id":"https:\/\/rss-do.thon.de\/#website"},"datePublished":"2026-02-23T11:53:33+00:00","dateModified":"2026-04-27T20:32:30+00:00","breadcrumb":{"@id":"https:\/\/rss-do.thon.de\/?page_id=2201#breadcrumb"},"inLanguage":"de","potentialAction":[{"@type":"ReadAction","target":["https:\/\/rss-do.thon.de\/?page_id=2201"]}]},{"@type":"BreadcrumbList","@id":"https:\/\/rss-do.thon.de\/?page_id=2201#breadcrumb","itemListElement":[{"@type":"ListItem","position":1,"name":"Startseite","item":"https:\/\/rss-do.thon.de\/"},{"@type":"ListItem","position":2,"name":"Sport"}]},{"@type":"WebSite","@id":"https:\/\/rss-do.thon.de\/#website","url":"https:\/\/rss-do.thon.de\/","name":"Rudolf-Steiner-Schule Dortmund","description":"Die Schule f\u00fcrs Leben","publisher":{"@id":"https:\/\/rss-do.thon.de\/#organization"},"potentialAction":[{"@type":"SearchAction","target":{"@type":"EntryPoint","urlTemplate":"https:\/\/rss-do.thon.de\/?s={search_term_string}"},"query-input":{"@type":"PropertyValueSpecification","valueRequired":true,"valueName":"search_term_string"}}],"inLanguage":"de"},{"@type":"Organization","@id":"https:\/\/rss-do.thon.de\/#organization","name":"Rudolf-Steiner-Schule Dortmund","url":"https:\/\/rss-do.thon.de\/","logo":{"@type":"ImageObject","inLanguage":"de","@id":"https:\/\/rss-do.thon.de\/#\/schema\/logo\/image\/","url":"https:\/\/rss-do.thon.de\/wp-content\/uploads\/2025\/08\/Logo-Schrift.svg","contentUrl":"https:\/\/rss-do.thon.de\/wp-content\/uploads\/2025\/08\/Logo-Schrift.svg","width":402,"height":151,"caption":"Rudolf-Steiner-Schule Dortmund"},"image":{"@id":"https:\/\/rss-do.thon.de\/#\/schema\/logo\/image\/"}}]}},"_links":{"self":[{"href":"https:\/\/rss-do.thon.de\/index.php?rest_route=\/wp\/v2\/pages\/2201","targetHints":{"allow":["GET"]}}],"collection":[{"href":"https:\/\/rss-do.thon.de\/index.php?rest_route=\/wp\/v2\/pages"}],"about":[{"href":"https:\/\/rss-do.thon.de\/index.php?rest_route=\/wp\/v2\/types\/page"}],"author":[{"embeddable":true,"href":"https:\/\/rss-do.thon.de\/index.php?rest_route=\/wp\/v2\/users\/1"}],"replies":[{"embeddable":true,"href":"https:\/\/rss-do.thon.de\/index.php?rest_route=%2Fwp%2Fv2%2Fcomments&post=2201"}],"version-history":[{"count":16,"href":"https:\/\/rss-do.thon.de\/index.php?rest_route=\/wp\/v2\/pages\/2201\/revisions"}],"predecessor-version":[{"id":2514,"href":"https:\/\/rss-do.thon.de\/index.php?rest_route=\/wp\/v2\/pages\/2201\/revisions\/2514"}],"wp:attachment":[{"href":"https:\/\/rss-do.thon.de\/index.php?rest_route=%2Fwp%2Fv2%2Fmedia&parent=2201"}],"curies":[{"name":"wp","href":"https:\/\/api.w.org\/{rel}","templated":true}]}}