{"id":2193,"date":"2026-02-23T12:46:48","date_gmt":"2026-02-23T11:46:48","guid":{"rendered":"https:\/\/rss-do.thon.de\/?page_id=2193"},"modified":"2026-02-23T12:50:25","modified_gmt":"2026-02-23T11:50:25","slug":"musik","status":"publish","type":"page","link":"https:\/\/rss-do.thon.de\/?page_id=2193","title":{"rendered":"Musik"},"content":{"rendered":"\t\t<div data-elementor-type=\"wp-page\" data-elementor-id=\"2193\" class=\"elementor elementor-2193\" data-elementor-post-type=\"page\">\n\t\t\t\t<div class=\"elementor-element elementor-element-366ecc3 e-flex e-con-boxed e-con e-parent\" data-id=\"366ecc3\" data-element_type=\"container\" data-e-type=\"container\">\n\t\t\t\t\t<div class=\"e-con-inner\">\n\t\t<div class=\"elementor-element elementor-element-76118a7 e-con-full e-flex e-con e-child\" data-id=\"76118a7\" data-element_type=\"container\" data-e-type=\"container\">\n\t\t<div class=\"elementor-element elementor-element-dfa1361 e-con-full e-flex e-con e-child\" data-id=\"dfa1361\" data-element_type=\"container\" data-e-type=\"container\">\n\t\t\t\t<div class=\"elementor-element elementor-element-e9af8fe elementor-cta--skin-classic elementor-animated-content elementor-bg-transform elementor-bg-transform-zoom-in elementor-widget elementor-widget-call-to-action\" data-id=\"e9af8fe\" data-element_type=\"widget\" data-e-type=\"widget\" data-widget_type=\"call-to-action.default\">\n\t\t\t\t\t\t\t<div class=\"elementor-cta\">\n\t\t\t\t\t<div class=\"elementor-cta__bg-wrapper\">\n\t\t\t\t<div class=\"elementor-cta__bg elementor-bg\" style=\"background-image: url(https:\/\/rss-do.thon.de\/wp-content\/uploads\/2025\/08\/Bilderauswahl_Do_20253.webp);\" role=\"img\" aria-label=\"Bilderauswahl_Do_20253\"><\/div>\n\t\t\t\t<div class=\"elementor-cta__bg-overlay\"><\/div>\n\t\t\t<\/div>\n\t\t\t\t\t\t\t\t<\/div>\n\t\t\t\t\t\t<\/div>\n\t\t\t\t<\/div>\n\t\t<div class=\"elementor-element elementor-element-78c441a e-con-full e-flex e-con e-child\" data-id=\"78c441a\" data-element_type=\"container\" data-e-type=\"container\">\n\t\t\t\t<div class=\"elementor-element elementor-element-e68e0c1 elementor-invisible elementor-widget elementor-widget-heading\" data-id=\"e68e0c1\" data-element_type=\"widget\" data-e-type=\"widget\" data-settings=\"{&quot;_animation&quot;:&quot;fadeInUp&quot;}\" data-widget_type=\"heading.default\">\n\t\t\t\t\t<h5 class=\"elementor-heading-title elementor-size-default\">Rhythmus und Kreativit\u00e4t<\/h5>\t\t\t\t<\/div>\n\t\t\t\t<div class=\"elementor-element elementor-element-28a43e0 elementor-widget elementor-widget-heading\" data-id=\"28a43e0\" data-element_type=\"widget\" data-e-type=\"widget\" data-widget_type=\"heading.default\">\n\t\t\t\t\t<h2 class=\"elementor-heading-title elementor-size-default\">Musik<\/h2>\t\t\t\t<\/div>\n\t\t\t\t<div class=\"elementor-element elementor-element-af80e0b elementor-widget elementor-widget-text-editor\" data-id=\"af80e0b\" data-element_type=\"widget\" data-e-type=\"widget\" data-widget_type=\"text-editor.default\">\n\t\t\t\t\t\t\t\t\t<div class=\"elementor-element elementor-element-272348d6 elementor-widget elementor-widget-text-editor\" data-id=\"272348d6\" data-element_type=\"widget\" data-widget_type=\"text-editor.default\"><div class=\"elementor-widget-container\"><p>Jedes Kind soll singen oder bei M\u00f6glichkeit ein Instrument erlernen: Das ist unsere Devise! Musizieren verbindet in besonderer Weise Kopf, Herz und Hand. Neben den motorisch-technischen Herausforderungen beim Erlernen eines Instruments oder der Ausbildung der Stimme werden soziale F\u00e4higkeiten geschult.<\/p><p>Das wiederholende \u00dcben f\u00f6rdert die Durchhaltekraft und m\u00fcndet in die F\u00e4higkeit, sich auch auf anderen Gebieten zu konzentrieren und selbst\u00e4ndig etwas erarbeiten zu k\u00f6nnen.<\/p><\/div><\/div>\t\t\t\t\t\t\t\t<\/div>\n\t\t\t\t<\/div>\n\t\t\t\t<\/div>\n\t\t\t\t\t<\/div>\n\t\t\t\t<\/div>\n\t\t<div class=\"elementor-element elementor-element-7324850 e-flex e-con-boxed e-con e-parent\" data-id=\"7324850\" data-element_type=\"container\" data-e-type=\"container\">\n\t\t\t\t\t<div class=\"e-con-inner\">\n\t\t<div class=\"elementor-element elementor-element-ca5f6a9 e-con-full e-flex e-con e-child\" data-id=\"ca5f6a9\" data-element_type=\"container\" data-e-type=\"container\">\n\t\t\t\t<div class=\"elementor-element elementor-element-3dada62 elementor-widget-divider--separator-type-pattern elementor-widget-divider--no-spacing elementor-widget-divider--view-line elementor-widget elementor-widget-divider\" data-id=\"3dada62\" data-element_type=\"widget\" data-e-type=\"widget\" data-widget_type=\"divider.default\">\n\t\t\t\t\t\t\t<div class=\"elementor-divider\" style=\"--divider-pattern-url: url(&quot;data:image\/svg+xml,%3Csvg xmlns=&#039;http:\/\/www.w3.org\/2000\/svg&#039; preserveAspectRatio=&#039;xMidYMid meet&#039; overflow=&#039;visible&#039; height=&#039;100%&#039; viewBox=&#039;0 0 126 26&#039; fill=&#039;black&#039; stroke=&#039;none&#039;%3E%3Cpath d=&#039;M3,10.2c2.6,0,2.6,2,2.6,3.2S4.4,16.5,3,16.5s-3-1.4-3-3.2S0.4,10.2,3,10.2z M18.8,10.2c1.7,0,3.2,1.4,3.2,3.2s-1.4,3.2-3.2,3.2c-1.7,0-3.2-1.4-3.2-3.2S17,10.2,18.8,10.2z M34.6,10.2c1.5,0,2.6,1.4,2.6,3.2s-0.5,3.2-1.9,3.2c-1.5,0-3.4-1.4-3.4-3.2S33.1,10.2,34.6,10.2z M50.5,10.2c1.7,0,3.2,1.4,3.2,3.2s-1.4,3.2-3.2,3.2c-1.7,0-3.3-0.9-3.3-2.6S48.7,10.2,50.5,10.2z M66.2,10.2c1.5,0,3.4,1.4,3.4,3.2s-1.9,3.2-3.4,3.2c-1.5,0-2.6-0.4-2.6-2.1S64.8,10.2,66.2,10.2z M82.2,10.2c1.7,0.8,2.6,1.4,2.6,3.2s-0.1,3.2-1.6,3.2c-1.5,0-3.7-1.4-3.7-3.2S80.5,9.4,82.2,10.2zM98.6,10.2c1.5,0,2.6,0.4,2.6,2.1s-1.2,4.2-2.6,4.2c-1.5,0-3.7-0.4-3.7-2.1S97.1,10.2,98.6,10.2z M113.4,10.2c1.2,0,2.2,0.9,2.2,3.2s-0.1,3.2-1.3,3.2s-3.1-1.4-3.1-3.2S112.2,10.2,113.4,10.2z&#039;\/%3E%3C\/svg%3E&quot;);\">\n\t\t\t<span class=\"elementor-divider-separator\">\n\t\t\t\t\t\t<\/span>\n\t\t<\/div>\n\t\t\t\t\t\t<\/div>\n\t\t\t\t<\/div>\n\t\t\t\t\t<\/div>\n\t\t\t\t<\/div>\n\t\t<div class=\"elementor-element elementor-element-caf4e48 e-flex e-con-boxed e-con e-parent\" data-id=\"caf4e48\" data-element_type=\"container\" data-e-type=\"container\">\n\t\t\t\t\t<div class=\"e-con-inner\">\n\t\t<div class=\"elementor-element elementor-element-eb2d564 e-con-full e-flex e-con e-child\" data-id=\"eb2d564\" data-element_type=\"container\" data-e-type=\"container\">\n\t\t<div class=\"elementor-element elementor-element-6670168 e-con-full e-flex e-con e-child\" data-id=\"6670168\" data-element_type=\"container\" data-e-type=\"container\">\n\t\t\t\t<div class=\"elementor-element elementor-element-c8d7a63 elementor-widget elementor-widget-video\" data-id=\"c8d7a63\" data-element_type=\"widget\" data-e-type=\"widget\" data-settings=\"{&quot;video_type&quot;:&quot;hosted&quot;,&quot;autoplay&quot;:&quot;yes&quot;,&quot;play_on_mobile&quot;:&quot;yes&quot;,&quot;loop&quot;:&quot;yes&quot;,&quot;_animation&quot;:&quot;none&quot;,&quot;mute&quot;:&quot;yes&quot;}\" data-widget_type=\"video.default\">\n\t\t\t\t\t\t\t<div class=\"e-hosted-video elementor-wrapper elementor-open-inline\">\n\t\t\t\t\t<video class=\"elementor-video\" src=\"https:\/\/rss-do.thon.de\/wp-content\/uploads\/2025\/08\/schulhof1klein.mov\" autoplay=\"\" loop=\"\" muted=\"muted\" playsinline=\"\" controlsList=\"nodownload\"><\/video>\n\t\t\t\t<\/div>\n\t\t\t\t\t\t<\/div>\n\t\t\t\t<\/div>\n\t\t<div class=\"elementor-element elementor-element-490600c e-con-full e-flex e-con e-child\" data-id=\"490600c\" data-element_type=\"container\" data-e-type=\"container\">\n\t\t\t\t<div class=\"elementor-element elementor-element-6f3ae5d elementor-invisible elementor-widget elementor-widget-heading\" data-id=\"6f3ae5d\" data-element_type=\"widget\" data-e-type=\"widget\" data-settings=\"{&quot;_animation&quot;:&quot;fadeInUp&quot;}\" data-widget_type=\"heading.default\">\n\t\t\t\t\t<h5 class=\"elementor-heading-title elementor-size-default\">Kontakt:<\/h5>\t\t\t\t<\/div>\n\t\t\t\t<div class=\"elementor-element elementor-element-96941c6 elementor-widget elementor-widget-heading\" data-id=\"96941c6\" data-element_type=\"widget\" data-e-type=\"widget\" data-widget_type=\"heading.default\">\n\t\t\t\t\t<h2 class=\"elementor-heading-title elementor-size-default\">Musikwerk Dortmund e. V.<\/h2>\t\t\t\t<\/div>\n\t\t\t\t<div class=\"elementor-element elementor-element-2265b17 elementor-widget elementor-widget-text-editor\" data-id=\"2265b17\" data-element_type=\"widget\" data-e-type=\"widget\" data-widget_type=\"text-editor.default\">\n\t\t\t\t\t\t\t\t\t<div class=\"elementor-element elementor-element-272348d6 elementor-widget elementor-widget-text-editor\" data-id=\"272348d6\" data-element_type=\"widget\" data-widget_type=\"text-editor.default\"><div class=\"elementor-widget-container\"><p>Musikwerk Dortmund e.V. steht allen offen und bietet Instrumental-, Vokal- und Ensemble-Unterricht f\u00fcr Kinder und Erwachsene. Bei uns haben Sch\u00fcler und Lehrer gleicherma\u00dfen Spa\u00df am Musizieren! Das Musikprojekt \u201eJedem Kind sein Instrument\u201c erm\u00f6glicht Sch\u00fclern der Klassen 3 und 4 unterschiedliche Instrumente kennenzulernen, um anschlie\u00dfend ein Instrument zu erlernen und gemeinsam mit anderen in Ensembles oder Orchestern zu musizieren.<\/p><\/div><\/div>\t\t\t\t\t\t\t\t<\/div>\n\t\t\t\t<\/div>\n\t\t\t\t<\/div>\n\t\t\t\t\t<\/div>\n\t\t\t\t<\/div>\n\t\t<div class=\"elementor-element elementor-element-138fdf4 e-flex e-con-boxed e-con e-parent\" data-id=\"138fdf4\" data-element_type=\"container\" data-e-type=\"container\">\n\t\t\t\t\t<div class=\"e-con-inner\">\n\t\t<div class=\"elementor-element elementor-element-4980d9b e-con-full e-flex e-con e-child\" data-id=\"4980d9b\" data-element_type=\"container\" data-e-type=\"container\">\n\t\t<div class=\"elementor-element elementor-element-6905f00 e-con-full e-flex e-con e-child\" data-id=\"6905f00\" data-element_type=\"container\" data-e-type=\"container\">\n\t\t\t\t<div class=\"elementor-element elementor-element-c11c5fd elementor-widget elementor-widget-video\" data-id=\"c11c5fd\" data-element_type=\"widget\" data-e-type=\"widget\" data-settings=\"{&quot;video_type&quot;:&quot;hosted&quot;,&quot;autoplay&quot;:&quot;yes&quot;,&quot;play_on_mobile&quot;:&quot;yes&quot;,&quot;loop&quot;:&quot;yes&quot;,&quot;_animation&quot;:&quot;none&quot;,&quot;mute&quot;:&quot;yes&quot;}\" data-widget_type=\"video.default\">\n\t\t\t\t\t\t\t<div class=\"e-hosted-video elementor-wrapper elementor-open-inline\">\n\t\t\t\t\t<video class=\"elementor-video\" src=\"https:\/\/rss-do.thon.de\/wp-content\/uploads\/Ostbauklein.mov\" autoplay=\"\" loop=\"\" muted=\"muted\" playsinline=\"\" controlsList=\"nodownload\"><\/video>\n\t\t\t\t<\/div>\n\t\t\t\t\t\t<\/div>\n\t\t\t\t<\/div>\n\t\t<div class=\"elementor-element elementor-element-521f97c e-con-full e-flex e-con e-child\" data-id=\"521f97c\" data-element_type=\"container\" data-e-type=\"container\">\n\t\t\t\t<div class=\"elementor-element elementor-element-2db0929 elementor-widget elementor-widget-text-editor\" data-id=\"2db0929\" data-element_type=\"widget\" data-e-type=\"widget\" data-widget_type=\"text-editor.default\">\n\t\t\t\t\t\t\t\t\t<div class=\"elementor-element elementor-element-272348d6 elementor-widget elementor-widget-text-editor\" data-id=\"272348d6\" data-element_type=\"widget\" data-widget_type=\"text-editor.default\"><div class=\"elementor-widget-container\"><p>Bettina Hagemann<\/p><p>Tel. 0151 \/ 14 34 46 18 \u00a0\u00a0 (Di und Do 10 Uhr bis 12 Uhr)<\/p><p>Email: <a href=\"mailto:post@musikwerk-dortmund.de\">post(at)musikwerk-dortmund.de<\/a><\/p><\/div><\/div>\t\t\t\t\t\t\t\t<\/div>\n\t\t\t\t<\/div>\n\t\t\t\t<\/div>\n\t\t\t\t\t<\/div>\n\t\t\t\t<\/div>\n\t\t<div class=\"elementor-element elementor-element-3c1f831 e-flex e-con-boxed e-con e-parent\" data-id=\"3c1f831\" data-element_type=\"container\" data-e-type=\"container\">\n\t\t\t\t\t<div class=\"e-con-inner\">\n\t\t\t\t<div class=\"elementor-element elementor-element-56f36fa elementor-widget elementor-widget-spacer\" data-id=\"56f36fa\" data-element_type=\"widget\" data-e-type=\"widget\" data-widget_type=\"spacer.default\">\n\t\t\t\t\t\t\t<div class=\"elementor-spacer\">\n\t\t\t<div class=\"elementor-spacer-inner\"><\/div>\n\t\t<\/div>\n\t\t\t\t\t\t<\/div>\n\t\t\t\t\t<\/div>\n\t\t\t\t<\/div>\n\t\t\t\t<\/div>\n\t\t","protected":false},"excerpt":{"rendered":"<p>Rhythmus und Kreativit\u00e4t Musik Jedes Kind soll singen oder bei M\u00f6glichkeit ein Instrument erlernen: Das ist unsere Devise! Musizieren verbindet in besonderer Weise Kopf, Herz und Hand. Neben den motorisch-technischen [&hellip;]<\/p>\n","protected":false},"author":1,"featured_media":0,"parent":0,"menu_order":0,"comment_status":"closed","ping_status":"closed","template":"","meta":{"footnotes":""},"class_list":["post-2193","page","type-page","status-publish","hentry"],"yoast_head":"<!-- This site is optimized with the Yoast SEO plugin v27.5 - https:\/\/yoast.com\/product\/yoast-seo-wordpress\/ -->\n<title>Musik - Rudolf-Steiner-Schule Dortmund<\/title>\n<meta name=\"robots\" content=\"index, follow, max-snippet:-1, max-image-preview:large, max-video-preview:-1\" \/>\n<link rel=\"canonical\" href=\"https:\/\/rss-do.thon.de\/?page_id=2193\" \/>\n<meta property=\"og:locale\" content=\"de_DE\" \/>\n<meta property=\"og:type\" content=\"article\" \/>\n<meta property=\"og:title\" content=\"Musik - Rudolf-Steiner-Schule Dortmund\" \/>\n<meta property=\"og:description\" content=\"Rhythmus und Kreativit\u00e4t Musik Jedes Kind soll singen oder bei M\u00f6glichkeit ein Instrument erlernen: Das ist unsere Devise! Musizieren verbindet in besonderer Weise Kopf, Herz und Hand. Neben den motorisch-technischen [&hellip;]\" \/>\n<meta property=\"og:url\" content=\"https:\/\/rss-do.thon.de\/?page_id=2193\" \/>\n<meta property=\"og:site_name\" content=\"Rudolf-Steiner-Schule Dortmund\" \/>\n<meta property=\"article:modified_time\" content=\"2026-02-23T11:50:25+00:00\" \/>\n<meta name=\"twitter:card\" content=\"summary_large_image\" \/>\n<meta name=\"twitter:label1\" content=\"Gesch\u00e4tzte Lesezeit\" \/>\n\t<meta name=\"twitter:data1\" content=\"1\u00a0Minute\" \/>\n<script type=\"application\/ld+json\" class=\"yoast-schema-graph\">{\"@context\":\"https:\\\/\\\/schema.org\",\"@graph\":[{\"@type\":\"WebPage\",\"@id\":\"https:\\\/\\\/rss-do.thon.de\\\/?page_id=2193\",\"url\":\"https:\\\/\\\/rss-do.thon.de\\\/?page_id=2193\",\"name\":\"Musik - Rudolf-Steiner-Schule Dortmund\",\"isPartOf\":{\"@id\":\"https:\\\/\\\/rss-do.thon.de\\\/#website\"},\"datePublished\":\"2026-02-23T11:46:48+00:00\",\"dateModified\":\"2026-02-23T11:50:25+00:00\",\"breadcrumb\":{\"@id\":\"https:\\\/\\\/rss-do.thon.de\\\/?page_id=2193#breadcrumb\"},\"inLanguage\":\"de\",\"potentialAction\":[{\"@type\":\"ReadAction\",\"target\":[\"https:\\\/\\\/rss-do.thon.de\\\/?page_id=2193\"]}]},{\"@type\":\"BreadcrumbList\",\"@id\":\"https:\\\/\\\/rss-do.thon.de\\\/?page_id=2193#breadcrumb\",\"itemListElement\":[{\"@type\":\"ListItem\",\"position\":1,\"name\":\"Startseite\",\"item\":\"https:\\\/\\\/rss-do.thon.de\\\/\"},{\"@type\":\"ListItem\",\"position\":2,\"name\":\"Musik\"}]},{\"@type\":\"WebSite\",\"@id\":\"https:\\\/\\\/rss-do.thon.de\\\/#website\",\"url\":\"https:\\\/\\\/rss-do.thon.de\\\/\",\"name\":\"Rudolf-Steiner-Schule Dortmund\",\"description\":\"Die Schule f\u00fcrs Leben\",\"publisher\":{\"@id\":\"https:\\\/\\\/rss-do.thon.de\\\/#organization\"},\"potentialAction\":[{\"@type\":\"SearchAction\",\"target\":{\"@type\":\"EntryPoint\",\"urlTemplate\":\"https:\\\/\\\/rss-do.thon.de\\\/?s={search_term_string}\"},\"query-input\":{\"@type\":\"PropertyValueSpecification\",\"valueRequired\":true,\"valueName\":\"search_term_string\"}}],\"inLanguage\":\"de\"},{\"@type\":\"Organization\",\"@id\":\"https:\\\/\\\/rss-do.thon.de\\\/#organization\",\"name\":\"Rudolf-Steiner-Schule Dortmund\",\"url\":\"https:\\\/\\\/rss-do.thon.de\\\/\",\"logo\":{\"@type\":\"ImageObject\",\"inLanguage\":\"de\",\"@id\":\"https:\\\/\\\/rss-do.thon.de\\\/#\\\/schema\\\/logo\\\/image\\\/\",\"url\":\"https:\\\/\\\/rss-do.thon.de\\\/wp-content\\\/uploads\\\/2025\\\/08\\\/Logo-Schrift.svg\",\"contentUrl\":\"https:\\\/\\\/rss-do.thon.de\\\/wp-content\\\/uploads\\\/2025\\\/08\\\/Logo-Schrift.svg\",\"width\":402,\"height\":151,\"caption\":\"Rudolf-Steiner-Schule Dortmund\"},\"image\":{\"@id\":\"https:\\\/\\\/rss-do.thon.de\\\/#\\\/schema\\\/logo\\\/image\\\/\"}}]}<\/script>\n<!-- \/ Yoast SEO plugin. -->","yoast_head_json":{"title":"Musik - Rudolf-Steiner-Schule Dortmund","robots":{"index":"index","follow":"follow","max-snippet":"max-snippet:-1","max-image-preview":"max-image-preview:large","max-video-preview":"max-video-preview:-1"},"canonical":"https:\/\/rss-do.thon.de\/?page_id=2193","og_locale":"de_DE","og_type":"article","og_title":"Musik - Rudolf-Steiner-Schule Dortmund","og_description":"Rhythmus und Kreativit\u00e4t Musik Jedes Kind soll singen oder bei M\u00f6glichkeit ein Instrument erlernen: Das ist unsere Devise! Musizieren verbindet in besonderer Weise Kopf, Herz und Hand. Neben den motorisch-technischen [&hellip;]","og_url":"https:\/\/rss-do.thon.de\/?page_id=2193","og_site_name":"Rudolf-Steiner-Schule Dortmund","article_modified_time":"2026-02-23T11:50:25+00:00","twitter_card":"summary_large_image","twitter_misc":{"Gesch\u00e4tzte Lesezeit":"1\u00a0Minute"},"schema":{"@context":"https:\/\/schema.org","@graph":[{"@type":"WebPage","@id":"https:\/\/rss-do.thon.de\/?page_id=2193","url":"https:\/\/rss-do.thon.de\/?page_id=2193","name":"Musik - Rudolf-Steiner-Schule Dortmund","isPartOf":{"@id":"https:\/\/rss-do.thon.de\/#website"},"datePublished":"2026-02-23T11:46:48+00:00","dateModified":"2026-02-23T11:50:25+00:00","breadcrumb":{"@id":"https:\/\/rss-do.thon.de\/?page_id=2193#breadcrumb"},"inLanguage":"de","potentialAction":[{"@type":"ReadAction","target":["https:\/\/rss-do.thon.de\/?page_id=2193"]}]},{"@type":"BreadcrumbList","@id":"https:\/\/rss-do.thon.de\/?page_id=2193#breadcrumb","itemListElement":[{"@type":"ListItem","position":1,"name":"Startseite","item":"https:\/\/rss-do.thon.de\/"},{"@type":"ListItem","position":2,"name":"Musik"}]},{"@type":"WebSite","@id":"https:\/\/rss-do.thon.de\/#website","url":"https:\/\/rss-do.thon.de\/","name":"Rudolf-Steiner-Schule Dortmund","description":"Die Schule f\u00fcrs Leben","publisher":{"@id":"https:\/\/rss-do.thon.de\/#organization"},"potentialAction":[{"@type":"SearchAction","target":{"@type":"EntryPoint","urlTemplate":"https:\/\/rss-do.thon.de\/?s={search_term_string}"},"query-input":{"@type":"PropertyValueSpecification","valueRequired":true,"valueName":"search_term_string"}}],"inLanguage":"de"},{"@type":"Organization","@id":"https:\/\/rss-do.thon.de\/#organization","name":"Rudolf-Steiner-Schule Dortmund","url":"https:\/\/rss-do.thon.de\/","logo":{"@type":"ImageObject","inLanguage":"de","@id":"https:\/\/rss-do.thon.de\/#\/schema\/logo\/image\/","url":"https:\/\/rss-do.thon.de\/wp-content\/uploads\/2025\/08\/Logo-Schrift.svg","contentUrl":"https:\/\/rss-do.thon.de\/wp-content\/uploads\/2025\/08\/Logo-Schrift.svg","width":402,"height":151,"caption":"Rudolf-Steiner-Schule Dortmund"},"image":{"@id":"https:\/\/rss-do.thon.de\/#\/schema\/logo\/image\/"}}]}},"_links":{"self":[{"href":"https:\/\/rss-do.thon.de\/index.php?rest_route=\/wp\/v2\/pages\/2193","targetHints":{"allow":["GET"]}}],"collection":[{"href":"https:\/\/rss-do.thon.de\/index.php?rest_route=\/wp\/v2\/pages"}],"about":[{"href":"https:\/\/rss-do.thon.de\/index.php?rest_route=\/wp\/v2\/types\/page"}],"author":[{"embeddable":true,"href":"https:\/\/rss-do.thon.de\/index.php?rest_route=\/wp\/v2\/users\/1"}],"replies":[{"embeddable":true,"href":"https:\/\/rss-do.thon.de\/index.php?rest_route=%2Fwp%2Fv2%2Fcomments&post=2193"}],"version-history":[{"count":7,"href":"https:\/\/rss-do.thon.de\/index.php?rest_route=\/wp\/v2\/pages\/2193\/revisions"}],"predecessor-version":[{"id":2200,"href":"https:\/\/rss-do.thon.de\/index.php?rest_route=\/wp\/v2\/pages\/2193\/revisions\/2200"}],"wp:attachment":[{"href":"https:\/\/rss-do.thon.de\/index.php?rest_route=%2Fwp%2Fv2%2Fmedia&parent=2193"}],"curies":[{"name":"wp","href":"https:\/\/api.w.org\/{rel}","templated":true}]}}